{"id":592,"date":"2025-03-28T19:15:39","date_gmt":"2025-03-28T19:15:39","guid":{"rendered":"https:\/\/webredox.net\/demo\/wp\/rixos\/?page_id=592"},"modified":"2026-03-04T14:48:16","modified_gmt":"2026-03-04T14:48:16","slug":"contact","status":"publish","type":"page","link":"https:\/\/new.palaisbeitalnoor.com\/en\/contact\/","title":{"rendered":"Contact"},"content":{"rendered":"<div data-elementor-type=\"wp-page\" data-elementor-id=\"592\" class=\"elementor elementor-592\">\n\t\t\t\t<div class=\"elementor-element elementor-element-3633da2e e-con-full e-flex e-con e-parent\" data-id=\"3633da2e\" data-element_type=\"container\" data-e-type=\"container\">\n\t\t\t\t<\/div>\n\t\t<div class=\"elementor-element elementor-element-61bddca e-flex e-con-boxed e-con e-parent\" data-id=\"61bddca\" data-element_type=\"container\" data-e-type=\"container\" data-settings=\"{&quot;background_background&quot;:&quot;classic&quot;}\">\n\t\t\t\t\t<div class=\"e-con-inner\">\n\t\t<div class=\"elementor-element elementor-element-ac8dc5f e-con-full e-flex e-con e-child\" data-id=\"ac8dc5f\" data-element_type=\"container\" data-e-type=\"container\">\n\t\t<div class=\"elementor-element elementor-element-5654637 e-con-full e-flex e-con e-child\" data-id=\"5654637\" data-element_type=\"container\" data-e-type=\"container\">\n\t\t<div class=\"elementor-element elementor-element-c818fdf e-con-full e-flex e-con e-child\" data-id=\"c818fdf\" data-element_type=\"container\" data-e-type=\"container\">\n\t\t\t\t<\/div>\n\t\t<div class=\"elementor-element elementor-element-26a0150 e-con-full e-flex e-con e-child\" data-id=\"26a0150\" data-element_type=\"container\" data-e-type=\"container\">\n\t\t\t\t<\/div>\n\t\t\t\t<\/div>\n\t\t<div class=\"elementor-element elementor-element-09bd6ca e-con-full e-flex e-con e-child\" data-id=\"09bd6ca\" data-element_type=\"container\" data-e-type=\"container\">\n\t\t\t\t<div class=\"elementor-element elementor-element-bef9e43 elementor-widget elementor-widget-google_maps\" data-id=\"bef9e43\" data-element_type=\"widget\" data-e-type=\"widget\" data-widget_type=\"google_maps.default\">\n\t\t\t\t\t\t\t<div class=\"elementor-custom-embed\">\n\t\t\t<iframe loading=\"lazy\"\n\t\t\t\t\tsrc=\"https:\/\/maps.google.com\/maps?q=Riad%20b612%2C%20marrakech&#038;t=m&#038;z=15&#038;output=embed&#038;iwloc=near\"\n\t\t\t\t\ttitle=\"Riad b612, Marrakech\"\n\t\t\t\t\taria-label=\"Riad b612, Marrakech\"\n\t\t\t><\/iframe>\n\t\t<\/div>\n\t\t\t\t\t\t<\/div>\n\t\t\t\t<\/div>\n\t\t\t\t<\/div>\n\t\t<div class=\"elementor-element elementor-element-1db4aba e-con-full e-flex e-con e-child\" data-id=\"1db4aba\" data-element_type=\"container\" data-e-type=\"container\">\n\t\t\t\t<\/div>\n\t\t<div class=\"elementor-element elementor-element-3bbbfda e-con-full e-flex e-con e-child\" data-id=\"3bbbfda\" data-element_type=\"container\" data-e-type=\"container\">\n\t\t\t\t<\/div>\n\t\t\t\t\t<\/div>\n\t\t\t\t<\/div>\n\t\t\t\t<\/div>","protected":false},"excerpt":{"rendered":"<p>Contact Palais Beit Al Noor M\u00e9dina, Zaouia Abbassia, Rue Sidi Ghanem Marrakech Localisation Map Contactez-nous T\u00e9l: +212 6 006 116 04 Appelez Nous \u00e9crire Votre Nom Complet Votre Email Sujet Votre message Submit<\/p>","protected":false},"author":1,"featured_media":0,"parent":0,"menu_order":0,"comment_status":"closed","ping_status":"closed","template":"","meta":{"footnotes":""},"class_list":["post-592","page","type-page","status-publish","hentry"],"_links":{"self":[{"href":"https:\/\/new.palaisbeitalnoor.com\/en\/wp-json\/wp\/v2\/pages\/592","targetHints":{"allow":["GET"]}}],"collection":[{"href":"https:\/\/new.palaisbeitalnoor.com\/en\/wp-json\/wp\/v2\/pages"}],"about":[{"href":"https:\/\/new.palaisbeitalnoor.com\/en\/wp-json\/wp\/v2\/types\/page"}],"author":[{"embeddable":true,"href":"https:\/\/new.palaisbeitalnoor.com\/en\/wp-json\/wp\/v2\/users\/1"}],"replies":[{"embeddable":true,"href":"https:\/\/new.palaisbeitalnoor.com\/en\/wp-json\/wp\/v2\/comments?post=592"}],"version-history":[{"count":25,"href":"https:\/\/new.palaisbeitalnoor.com\/en\/wp-json\/wp\/v2\/pages\/592\/revisions"}],"predecessor-version":[{"id":2250,"href":"https:\/\/new.palaisbeitalnoor.com\/en\/wp-json\/wp\/v2\/pages\/592\/revisions\/2250"}],"wp:attachment":[{"href":"https:\/\/new.palaisbeitalnoor.com\/en\/wp-json\/wp\/v2\/media?parent=592"}],"curies":[{"name":"wp","href":"https:\/\/api.w.org\/{rel}","templated":true}]}}