{"id":563,"date":"2025-03-28T19:00:43","date_gmt":"2025-03-28T19:00:43","guid":{"rendered":"https:\/\/webredox.net\/demo\/wp\/rixos\/?page_id=563"},"modified":"2026-03-05T14:23:11","modified_gmt":"2026-03-05T14:23:11","slug":"suite-rooms","status":"publish","type":"page","link":"https:\/\/new.palaisbeitalnoor.com\/en\/chambres-suites\/","title":{"rendered":"Rooms &amp; Suites"},"content":{"rendered":"<div data-elementor-type=\"wp-page\" data-elementor-id=\"563\" class=\"elementor elementor-563\">\n\t\t\t\t<div class=\"elementor-element elementor-element-6b2474f8 e-con-full e-flex e-con e-parent\" data-id=\"6b2474f8\" data-element_type=\"container\" data-e-type=\"container\">\n\t\t\t\t<\/div>\n\t\t<div class=\"elementor-element elementor-element-997dd43 e-flex e-con-boxed e-con e-parent\" data-id=\"997dd43\" data-element_type=\"container\" data-e-type=\"container\">\n\t\t\t\t\t<div class=\"e-con-inner\">\n\t\t\t\t<div class=\"elementor-element elementor-element-3190779 elementor-widget elementor-widget-text-editor\" data-id=\"3190779\" data-element_type=\"widget\" data-e-type=\"widget\" data-widget_type=\"text-editor.default\">\n\t\t\t\t\t\t\t\t\t<p>The twelve rooms and suites of Palais Beit Al Noor, a secluded residence in Marrakech, are each named after an iconic Lebanese voice. More than a tribute, these names are a subtle presence, a discreet whisper within the walls.<\/p><p>Through their colours, materials and atmospheres, these luxury rooms tell a musical and poetic story, inviting each guest on a unique sensory journey, between Lebanon and Morocco, tradition and modernity.<\/p><p>All rooms and suites are equipped with natural toiletries designed exclusively for Palais Beit Al Noor, as well as a coffee machine, kettle, embroidered bathrobe, slippers, hairdryer, magnifying mirror, mini-bar and safe.<\/p><p>Twice-daily housekeeping ensures comfort, discretion and attention throughout the stay.<\/p>\t\t\t\t\t\t\t\t<\/div>\n\t\t\t\t\t<\/div>\n\t\t\t\t<\/div>\n\t\t<div class=\"elementor-element elementor-element-ef88032 e-flex e-con-boxed e-con e-parent\" data-id=\"ef88032\" data-element_type=\"container\" data-e-type=\"container\" data-settings=\"{&quot;background_background&quot;:&quot;classic&quot;}\">\n\t\t\t\t\t<div class=\"e-con-inner\">\n\t\t<div class=\"elementor-element elementor-element-ca5140d e-con-full e-flex e-con e-child\" data-id=\"ca5140d\" data-element_type=\"container\" data-e-type=\"container\">\n\t\t<div class=\"elementor-element elementor-element-bdb4e47 e-con-full e-flex e-con e-child\" data-id=\"bdb4e47\" data-element_type=\"container\" data-e-type=\"container\">\n\t\t\t\t<\/div>\n\t\t<div class=\"elementor-element elementor-element-96b990a e-con-full e-flex e-con e-child\" data-id=\"96b990a\" data-element_type=\"container\" data-e-type=\"container\">\n\t\t\t\t<\/div>\n\t\t<div class=\"elementor-element elementor-element-1b8ca5f e-con-full e-flex e-con e-child\" data-id=\"1b8ca5f\" data-element_type=\"container\" data-e-type=\"container\">\n\t\t\t\t<\/div>\n\t\t<div class=\"elementor-element elementor-element-be9b113 e-con-full e-flex e-con e-child\" data-id=\"be9b113\" data-element_type=\"container\" data-e-type=\"container\">\n\t\t\t\t<\/div>\n\t\t\t\t<\/div>\n\t\t\t\t\t<\/div>\n\t\t\t\t<\/div>\n\t\t\t\t<\/div>","protected":false},"excerpt":{"rendered":"<p>Chambres &#038; Suites Palais Beit Al Noor Chambres &#038; Suites de luxe \u00e0 Marrakech Les douze chambres et suites du Palais Beit Al Noor, demeure confidentielle \u00e0 Marrakech, portent chacune le nom d\u2019une voix libanaise embl\u00e9matique. Plus qu\u2019un hommage, ces noms sont une pr\u00e9sence subtile, un souffle discret entre les murs. \u00c0 travers leurs couleurs, mati\u00e8res et ambiances, ces chambres<\/p>","protected":false},"author":1,"featured_media":0,"parent":0,"menu_order":0,"comment_status":"closed","ping_status":"closed","template":"","meta":{"footnotes":""},"class_list":["post-563","page","type-page","status-publish","hentry"],"_links":{"self":[{"href":"https:\/\/new.palaisbeitalnoor.com\/en\/wp-json\/wp\/v2\/pages\/563","targetHints":{"allow":["GET"]}}],"collection":[{"href":"https:\/\/new.palaisbeitalnoor.com\/en\/wp-json\/wp\/v2\/pages"}],"about":[{"href":"https:\/\/new.palaisbeitalnoor.com\/en\/wp-json\/wp\/v2\/types\/page"}],"author":[{"embeddable":true,"href":"https:\/\/new.palaisbeitalnoor.com\/en\/wp-json\/wp\/v2\/users\/1"}],"replies":[{"embeddable":true,"href":"https:\/\/new.palaisbeitalnoor.com\/en\/wp-json\/wp\/v2\/comments?post=563"}],"version-history":[{"count":48,"href":"https:\/\/new.palaisbeitalnoor.com\/en\/wp-json\/wp\/v2\/pages\/563\/revisions"}],"predecessor-version":[{"id":2364,"href":"https:\/\/new.palaisbeitalnoor.com\/en\/wp-json\/wp\/v2\/pages\/563\/revisions\/2364"}],"wp:attachment":[{"href":"https:\/\/new.palaisbeitalnoor.com\/en\/wp-json\/wp\/v2\/media?parent=563"}],"curies":[{"name":"wp","href":"https:\/\/api.w.org\/{rel}","templated":true}]}}