{"id":54,"date":"2025-03-26T16:22:30","date_gmt":"2025-03-26T16:22:30","guid":{"rendered":"https:\/\/webredox.net\/demo\/wp\/rixos\/?page_id=54"},"modified":"2026-03-05T14:23:04","modified_gmt":"2026-03-05T14:23:04","slug":"about","status":"publish","type":"page","link":"https:\/\/new.palaisbeitalnoor.com\/en\/a-propos\/","title":{"rendered":"About"},"content":{"rendered":"<div data-elementor-type=\"wp-page\" data-elementor-id=\"54\" class=\"elementor elementor-54\">\n\t\t\t\t<div class=\"elementor-element elementor-element-fd0b53e e-con-full e-flex e-con e-parent\" data-id=\"fd0b53e\" data-element_type=\"container\" data-e-type=\"container\">\n\t\t\t\t<\/div>\n\t\t<div class=\"elementor-element elementor-element-589ffcf1 e-flex e-con-boxed e-con e-parent\" data-id=\"589ffcf1\" data-element_type=\"container\" data-e-type=\"container\">\n\t\t\t\t\t<div class=\"e-con-inner\">\n\t\t<div class=\"elementor-element elementor-element-4f521970 e-con-full e-flex e-con e-child\" data-id=\"4f521970\" data-element_type=\"container\" data-e-type=\"container\">\n\t\t\t\t<div class=\"elementor-element elementor-element-71614957 elementor-widget elementor-widget-text-editor\" data-id=\"71614957\" data-element_type=\"widget\" data-e-type=\"widget\" data-widget_type=\"text-editor.default\">\n\t\t\t\t\t\t\t\t\t<p>In the heart of the Marrakech medina, behind the ochre ramparts listed as a world heritage site, Palais Beit Al Noor reveals an 18th-century luxury residence, restored with elegance and sensitivity.<\/p><p>This intimate palace in Marrakech embodies the subtle encounter between the Moroccan art of living and the soul of Lebanon. With only twelve rooms, including four suites, arranged around three patios, it offers a rare atmosphere of calm, serenity, and privacy.<\/p><p>The owners, Jo\u00eblle and Nicolas Delsuc, a Franco-Lebanese couple, named this residence Beit Al Noor \u2013 the House of Light \u2013 in homage to the omnipresent natural light and to a life project rooted between Lebanon and Morocco.<\/p><p>Magnified by the excellence of Moroccan craftsmanship, the Palais Beit Al Noor is not a traditional hotel, but a Beit, a true place of living and sharing, conceived as a private home in the medina.<\/p>\t\t\t\t\t\t\t\t<\/div>\n\t\t\t\t<\/div>\n\t\t\t\t\t<\/div>\n\t\t\t\t<\/div>\n\t\t<div class=\"elementor-element elementor-element-17ecb89 e-flex e-con-boxed e-con e-parent\" data-id=\"17ecb89\" data-element_type=\"container\" data-e-type=\"container\" data-settings=\"{&quot;background_background&quot;:&quot;classic&quot;}\">\n\t\t\t\t\t<div class=\"e-con-inner\">\n\t\t<div class=\"elementor-element elementor-element-5ac0520 e-con-full e-flex e-con e-child\" data-id=\"5ac0520\" data-element_type=\"container\" data-e-type=\"container\">\n\t\t<div class=\"elementor-element elementor-element-a47507d e-con-full e-flex e-con e-child\" data-id=\"a47507d\" data-element_type=\"container\" data-e-type=\"container\">\n\t\t\t\t<\/div>\n\t\t<div class=\"elementor-element elementor-element-68a6e1e e-con-full e-flex e-con e-child\" data-id=\"68a6e1e\" data-element_type=\"container\" data-e-type=\"container\">\n\t\t\t\t<div class=\"elementor-element elementor-element-a18447e elementor-widget elementor-widget-text-editor\" data-id=\"a18447e\" data-element_type=\"widget\" data-e-type=\"widget\" data-widget_type=\"text-editor.default\">\n\t\t\t\t\t\t\t\t\t<p>The twelve rooms and suites of the Palais Beit Al Noor, a discreet residence in Marrakech, each bear the name of an iconic Lebanese voice.<\/p>\t\t\t\t\t\t\t\t<\/div>\n\t\t\t\t<\/div>\n\t\t\t\t<\/div>\n\t\t<div class=\"elementor-element elementor-element-939900b e-con-full e-flex e-con e-child\" data-id=\"939900b\" data-element_type=\"container\" data-e-type=\"container\">\n\t\t\t\t<\/div>\n\t\t\t\t\t<\/div>\n\t\t\t\t<\/div>\n\t\t<div class=\"elementor-element elementor-element-8396fa4 e-flex e-con-boxed e-con e-parent\" data-id=\"8396fa4\" data-element_type=\"container\" data-e-type=\"container\" data-settings=\"{&quot;background_background&quot;:&quot;classic&quot;}\">\n\t\t\t\t\t<div class=\"e-con-inner\">\n\t\t<div class=\"elementor-element elementor-element-6802165 e-con-full e-flex e-con e-child\" data-id=\"6802165\" data-element_type=\"container\" data-e-type=\"container\">\n\t\t<div class=\"elementor-element elementor-element-a0117c1 e-con-full e-flex e-con e-child\" data-id=\"a0117c1\" data-element_type=\"container\" data-e-type=\"container\">\n\t\t\t\t<\/div>\n\t\t<div class=\"elementor-element elementor-element-566ff78 e-con-full e-flex e-con e-child\" data-id=\"566ff78\" data-element_type=\"container\" data-e-type=\"container\">\n\t\t\t\t<\/div>\n\t\t<div class=\"elementor-element elementor-element-a6254ad e-con-full e-flex e-con e-child\" data-id=\"a6254ad\" data-element_type=\"container\" data-e-type=\"container\">\n\t\t\t\t<\/div>\n\t\t<div class=\"elementor-element elementor-element-4ca761f e-con-full e-flex e-con e-child\" data-id=\"4ca761f\" data-element_type=\"container\" data-e-type=\"container\">\n\t\t\t\t<\/div>\n\t\t\t\t<\/div>\n\t\t\t\t\t<\/div>\n\t\t\t\t<\/div>\n\t\t\t\t<\/div>","protected":false},"excerpt":{"rendered":"<p>\u00c0 Propos du Palais Beit Al Noor \u00c0 propos du Palais Beit Al Noor Au c\u0153ur de la m\u00e9dina de Marrakech, derri\u00e8re les remparts ocres class\u00e9s au patrimoine mondial, le Palais Beit Al Noor r\u00e9v\u00e8le une demeure de luxe du XVIII\u1d49 si\u00e8cle, restaur\u00e9e avec \u00e9l\u00e9gance et sensibilit\u00e9. Ce palais intimiste \u00e0 Marrakech incarne la rencontre subtile entre l\u2019art de vivre<\/p>","protected":false},"author":1,"featured_media":0,"parent":0,"menu_order":0,"comment_status":"closed","ping_status":"closed","template":"","meta":{"footnotes":""},"class_list":["post-54","page","type-page","status-publish","hentry"],"_links":{"self":[{"href":"https:\/\/new.palaisbeitalnoor.com\/en\/wp-json\/wp\/v2\/pages\/54","targetHints":{"allow":["GET"]}}],"collection":[{"href":"https:\/\/new.palaisbeitalnoor.com\/en\/wp-json\/wp\/v2\/pages"}],"about":[{"href":"https:\/\/new.palaisbeitalnoor.com\/en\/wp-json\/wp\/v2\/types\/page"}],"author":[{"embeddable":true,"href":"https:\/\/new.palaisbeitalnoor.com\/en\/wp-json\/wp\/v2\/users\/1"}],"replies":[{"embeddable":true,"href":"https:\/\/new.palaisbeitalnoor.com\/en\/wp-json\/wp\/v2\/comments?post=54"}],"version-history":[{"count":30,"href":"https:\/\/new.palaisbeitalnoor.com\/en\/wp-json\/wp\/v2\/pages\/54\/revisions"}],"predecessor-version":[{"id":2361,"href":"https:\/\/new.palaisbeitalnoor.com\/en\/wp-json\/wp\/v2\/pages\/54\/revisions\/2361"}],"wp:attachment":[{"href":"https:\/\/new.palaisbeitalnoor.com\/en\/wp-json\/wp\/v2\/media?parent=54"}],"curies":[{"name":"wp","href":"https:\/\/api.w.org\/{rel}","templated":true}]}}