{"id":469,"date":"2025-03-28T17:59:14","date_gmt":"2025-03-28T17:59:14","guid":{"rendered":"https:\/\/webredox.net\/demo\/wp\/rixos\/?page_id=469"},"modified":"2026-03-05T14:23:33","modified_gmt":"2026-03-05T14:23:33","slug":"privatization","status":"publish","type":"page","link":"https:\/\/new.palaisbeitalnoor.com\/en\/privatisation\/","title":{"rendered":"Privatization"},"content":{"rendered":"<div data-elementor-type=\"wp-page\" data-elementor-id=\"469\" class=\"elementor elementor-469\">\n\t\t\t\t<div class=\"elementor-element elementor-element-18ae11b e-con-full e-flex e-con e-parent\" data-id=\"18ae11b\" data-element_type=\"container\" data-e-type=\"container\">\n\t\t\t\t<\/div>\n\t\t<div class=\"elementor-element elementor-element-7077da5 e-flex e-con-boxed e-con e-parent\" data-id=\"7077da5\" data-element_type=\"container\" data-e-type=\"container\">\n\t\t\t\t\t<div class=\"e-con-inner\">\n\t\t<div class=\"elementor-element elementor-element-8ec311a e-con-full e-flex e-con e-child\" data-id=\"8ec311a\" data-element_type=\"container\" data-e-type=\"container\">\n\t\t\t\t<div class=\"elementor-element elementor-element-bffacd1 elementor-widget elementor-widget-text-editor\" data-id=\"bffacd1\" data-element_type=\"widget\" data-e-type=\"widget\" data-widget_type=\"text-editor.default\">\n\t\t\t\t\t\t\t\t\t<p><strong>Your Private Palace in the Heart of Marrakech\u2019s Medina<\/strong><\/p><p>During your stay in Marrakech, Palais Beit Al Noor becomes your private home.<\/p><p>A confidential address to share with close friends, offering an atmosphere that is both welcoming and refined.<\/p><p>Designed for exclusive stays, private celebrations, or tailor-made retreats, the palace offers full access to its spaces and services dedicated to your comfort: personalized concierge, on-request catering, reception areas, patios, and terraces.<\/p><p>Privatizing Palais Beit Al Noor in Marrakech provides a unique experience, combining freedom, discretion, and the art of living, right in the heart of one of the world\u2019s most beautiful medinas.<\/p>\t\t\t\t\t\t\t\t<\/div>\n\t\t\t\t<\/div>\n\t\t\t\t\t<\/div>\n\t\t\t\t<\/div>\n\t\t<div class=\"elementor-element elementor-element-1ec066a e-flex e-con-boxed e-con e-parent\" data-id=\"1ec066a\" data-element_type=\"container\" data-e-type=\"container\" data-settings=\"{&quot;background_background&quot;:&quot;classic&quot;}\">\n\t\t\t\t\t<div class=\"e-con-inner\">\n\t\t<div class=\"elementor-element elementor-element-4a5eaf8 e-con-full e-flex e-con e-child\" data-id=\"4a5eaf8\" data-element_type=\"container\" data-e-type=\"container\">\n\t\t<div class=\"elementor-element elementor-element-9092c6a e-con-full e-flex e-con e-child\" data-id=\"9092c6a\" data-element_type=\"container\" data-e-type=\"container\">\n\t\t\t\t<\/div>\n\t\t<div class=\"elementor-element elementor-element-e68bf50 e-con-full e-flex e-con e-child\" data-id=\"e68bf50\" data-element_type=\"container\" data-e-type=\"container\">\n\t\t\t\t<\/div>\n\t\t<div class=\"elementor-element elementor-element-7f81dbe e-con-full e-flex e-con e-child\" data-id=\"7f81dbe\" data-element_type=\"container\" data-e-type=\"container\">\n\t\t\t\t<\/div>\n\t\t<div class=\"elementor-element elementor-element-33255cf e-con-full e-flex e-con e-child\" data-id=\"33255cf\" data-element_type=\"container\" data-e-type=\"container\">\n\t\t\t\t<\/div>\n\t\t\t\t<\/div>\n\t\t\t\t\t<\/div>\n\t\t\t\t<\/div>\n\t\t\t\t<\/div>","protected":false},"excerpt":{"rendered":"<p>Privatisation Privatisation du Palais Beit Al Noor Votre palais priv\u00e9 au c\u0153ur de la m\u00e9dina de Marrakech Le temps de votre s\u00e9jour \u00e0 Marrakech, le Palais Beit Al Noor devient votre maison priv\u00e9e. Une adresse confidentielle \u00e0 partager entre proches, dans une atmosph\u00e8re \u00e0 la fois conviviale et raffin\u00e9e. Pens\u00e9 pour accueillir des s\u00e9jours exclusifs, des c\u00e9l\u00e9brations confidentielles ou des<\/p>","protected":false},"author":1,"featured_media":0,"parent":0,"menu_order":0,"comment_status":"closed","ping_status":"closed","template":"","meta":{"footnotes":""},"class_list":["post-469","page","type-page","status-publish","hentry"],"_links":{"self":[{"href":"https:\/\/new.palaisbeitalnoor.com\/en\/wp-json\/wp\/v2\/pages\/469","targetHints":{"allow":["GET"]}}],"collection":[{"href":"https:\/\/new.palaisbeitalnoor.com\/en\/wp-json\/wp\/v2\/pages"}],"about":[{"href":"https:\/\/new.palaisbeitalnoor.com\/en\/wp-json\/wp\/v2\/types\/page"}],"author":[{"embeddable":true,"href":"https:\/\/new.palaisbeitalnoor.com\/en\/wp-json\/wp\/v2\/users\/1"}],"replies":[{"embeddable":true,"href":"https:\/\/new.palaisbeitalnoor.com\/en\/wp-json\/wp\/v2\/comments?post=469"}],"version-history":[{"count":20,"href":"https:\/\/new.palaisbeitalnoor.com\/en\/wp-json\/wp\/v2\/pages\/469\/revisions"}],"predecessor-version":[{"id":2373,"href":"https:\/\/new.palaisbeitalnoor.com\/en\/wp-json\/wp\/v2\/pages\/469\/revisions\/2373"}],"wp:attachment":[{"href":"https:\/\/new.palaisbeitalnoor.com\/en\/wp-json\/wp\/v2\/media?parent=469"}],"curies":[{"name":"wp","href":"https:\/\/api.w.org\/{rel}","templated":true}]}}