{"id":410,"date":"2025-03-28T17:14:28","date_gmt":"2025-03-28T17:14:28","guid":{"rendered":"https:\/\/webredox.net\/demo\/wp\/rixos\/?page_id=410"},"modified":"2026-03-04T01:53:51","modified_gmt":"2026-03-04T01:53:51","slug":"culinary-experiences","status":"publish","type":"page","link":"https:\/\/new.palaisbeitalnoor.com\/en\/restauration\/","title":{"rendered":"Culinary Experiences"},"content":{"rendered":"<div data-elementor-type=\"wp-page\" data-elementor-id=\"410\" class=\"elementor elementor-410\">\n\t\t\t\t<div class=\"elementor-element elementor-element-663acf06 e-con-full e-flex e-con e-parent\" data-id=\"663acf06\" data-element_type=\"container\" data-e-type=\"container\">\n\t\t\t\t<\/div>\n\t\t<div class=\"elementor-element elementor-element-6b12daf e-flex e-con-boxed e-con e-parent\" data-id=\"6b12daf\" data-element_type=\"container\" data-e-type=\"container\">\n\t\t\t\t\t<div class=\"e-con-inner\">\n\t\t\t\t<div class=\"elementor-element elementor-element-8c0c44a elementor-widget elementor-widget-text-editor\" data-id=\"8c0c44a\" data-element_type=\"widget\" data-e-type=\"widget\" data-widget_type=\"text-editor.default\">\n\t\t\t\t\t\t\t\t\t<p>Savor, share special moments, and indulge in simple pleasures at the restaurant of Palais Beit Al Noor.<\/p><p>Reserved exclusively for guests, the restaurant offers generous, seasonal, home-style cuisine\u2014a true culinary bridge between Moroccan traditions and Lebanese influences. Each dish celebrates fresh produce, time-honored recipes, and the joy of sharing.<\/p><p class=\"translation-block\">Breakfast and meals are served on the rooftop of Palais Beit Al Noor, covered when temperatures drop, ensuring comfort and privacy throughout the day.<\/p><p>The open kitchen, releasing aromas of spices and bursts of life, contributes fully to the charm and soul of Palais Beit Al Noor, reinforcing the unique feeling of being welcomed into a private home in Marrakech rather than a hotel restaurant.<\/p>\t\t\t\t\t\t\t\t<\/div>\n\t\t\t\t\t<\/div>\n\t\t\t\t<\/div>\n\t\t<div class=\"elementor-element elementor-element-bf91390 e-con-full e-flex e-con e-parent\" data-id=\"bf91390\" data-element_type=\"container\" data-e-type=\"container\" data-settings=\"{&quot;background_background&quot;:&quot;classic&quot;}\">\n\t\t\t\t<\/div>\n\t\t\t\t<\/div>","protected":false},"excerpt":{"rendered":"<p>La Restauration La RESTAURATION DU PALAIS BEIT AL NOOR Savourez, partagez des moments complices et laissez-vous aller au plaisir, en toute simplicit\u00e9, au restaurant du Palais Beit Al Noor. R\u00e9serv\u00e9 exclusivement aux h\u00f4tes, le restaurant propose une cuisine familiale, g\u00e9n\u00e9reuse et de saison, v\u00e9ritable passerelle gourmande entre traditions marocaines et inspirations libanaises. Chaque plat c\u00e9l\u00e8bre les produits frais, les recettes<\/p>","protected":false},"author":1,"featured_media":0,"parent":0,"menu_order":0,"comment_status":"closed","ping_status":"closed","template":"","meta":{"footnotes":""},"class_list":["post-410","page","type-page","status-publish","hentry"],"_links":{"self":[{"href":"https:\/\/new.palaisbeitalnoor.com\/en\/wp-json\/wp\/v2\/pages\/410","targetHints":{"allow":["GET"]}}],"collection":[{"href":"https:\/\/new.palaisbeitalnoor.com\/en\/wp-json\/wp\/v2\/pages"}],"about":[{"href":"https:\/\/new.palaisbeitalnoor.com\/en\/wp-json\/wp\/v2\/types\/page"}],"author":[{"embeddable":true,"href":"https:\/\/new.palaisbeitalnoor.com\/en\/wp-json\/wp\/v2\/users\/1"}],"replies":[{"embeddable":true,"href":"https:\/\/new.palaisbeitalnoor.com\/en\/wp-json\/wp\/v2\/comments?post=410"}],"version-history":[{"count":18,"href":"https:\/\/new.palaisbeitalnoor.com\/en\/wp-json\/wp\/v2\/pages\/410\/revisions"}],"predecessor-version":[{"id":2166,"href":"https:\/\/new.palaisbeitalnoor.com\/en\/wp-json\/wp\/v2\/pages\/410\/revisions\/2166"}],"wp:attachment":[{"href":"https:\/\/new.palaisbeitalnoor.com\/en\/wp-json\/wp\/v2\/media?parent=410"}],"curies":[{"name":"wp","href":"https:\/\/api.w.org\/{rel}","templated":true}]}}