{"id":255,"date":"2025-03-26T19:33:17","date_gmt":"2025-03-26T19:33:17","guid":{"rendered":"https:\/\/webredox.net\/demo\/wp\/rixos\/?page_id=255"},"modified":"2026-03-05T14:23:18","modified_gmt":"2026-03-05T14:23:18","slug":"rooftop-patios","status":"publish","type":"page","link":"https:\/\/new.palaisbeitalnoor.com\/en\/patios-rooftop\/","title":{"rendered":"Patios &amp; Rooftop"},"content":{"rendered":"<div data-elementor-type=\"wp-page\" data-elementor-id=\"255\" class=\"elementor elementor-255\">\n\t\t\t\t<div class=\"elementor-element elementor-element-5ffcc40 e-con-full e-flex e-con e-parent\" data-id=\"5ffcc40\" data-element_type=\"container\" data-e-type=\"container\">\n\t\t\t\t<\/div>\n\t\t<div class=\"elementor-element elementor-element-c0ec2cb e-con-full e-flex e-con e-parent\" data-id=\"c0ec2cb\" data-element_type=\"container\" data-e-type=\"container\" data-settings=\"{&quot;background_background&quot;:&quot;classic&quot;}\">\n\t\t\t\t<\/div>\n\t\t<div class=\"elementor-element elementor-element-73e288f e-flex e-con-boxed e-con e-parent\" data-id=\"73e288f\" data-element_type=\"container\" data-e-type=\"container\">\n\t\t\t\t\t<div class=\"e-con-inner\">\n\t\t\t\t\t<\/div>\n\t\t\t\t<\/div>\n\t\t<div class=\"elementor-element elementor-element-e992f2c e-flex e-con-boxed e-con e-parent\" data-id=\"e992f2c\" data-element_type=\"container\" data-e-type=\"container\" data-settings=\"{&quot;background_background&quot;:&quot;classic&quot;}\">\n\t\t\t\t\t<div class=\"e-con-inner\">\n\t\t<div class=\"elementor-element elementor-element-ae16ccf e-con-full e-flex e-con e-child\" data-id=\"ae16ccf\" data-element_type=\"container\" data-e-type=\"container\">\n\t\t<div class=\"elementor-element elementor-element-38f4655 e-con-full e-flex e-con e-child\" data-id=\"38f4655\" data-element_type=\"container\" data-e-type=\"container\">\n\t\t\t\t<\/div>\n\t\t<div class=\"elementor-element elementor-element-3cbcd04 e-con-full e-flex e-con e-child\" data-id=\"3cbcd04\" data-element_type=\"container\" data-e-type=\"container\">\n\t\t\t\t<\/div>\n\t\t<div class=\"elementor-element elementor-element-fc3d970 e-con-full e-flex e-con e-child\" data-id=\"fc3d970\" data-element_type=\"container\" data-e-type=\"container\">\n\t\t\t\t<\/div>\n\t\t<div class=\"elementor-element elementor-element-f18cbe2 e-con-full e-flex e-con e-child\" data-id=\"f18cbe2\" data-element_type=\"container\" data-e-type=\"container\">\n\t\t\t\t<\/div>\n\t\t\t\t<\/div>\n\t\t\t\t\t<\/div>\n\t\t\t\t<\/div>\n\t\t\t\t<\/div>","protected":false},"excerpt":{"rendered":"<p>Patios &#038; Rooftop du Palais Beit Al Noor La Medersa Le Berb\u00e8re La Douheria Le Rooftop La Medersa \u00c9voquant le calme et l\u2019\u00e9quilibre des m\u00e9dersas traditionnelles, ce patio s\u2019articule autour d\u2019un bassin en zellige vert, dialoguant avec le damier graphique du sol. Les murs blancs, finement sculpt\u00e9s de motifs floraux et g\u00e9om\u00e9triques, encadrent un canap\u00e9 central entour\u00e9 de palmiers. Des<\/p>","protected":false},"author":1,"featured_media":0,"parent":0,"menu_order":0,"comment_status":"closed","ping_status":"closed","template":"","meta":{"footnotes":""},"class_list":["post-255","page","type-page","status-publish","hentry"],"_links":{"self":[{"href":"https:\/\/new.palaisbeitalnoor.com\/en\/wp-json\/wp\/v2\/pages\/255","targetHints":{"allow":["GET"]}}],"collection":[{"href":"https:\/\/new.palaisbeitalnoor.com\/en\/wp-json\/wp\/v2\/pages"}],"about":[{"href":"https:\/\/new.palaisbeitalnoor.com\/en\/wp-json\/wp\/v2\/types\/page"}],"author":[{"embeddable":true,"href":"https:\/\/new.palaisbeitalnoor.com\/en\/wp-json\/wp\/v2\/users\/1"}],"replies":[{"embeddable":true,"href":"https:\/\/new.palaisbeitalnoor.com\/en\/wp-json\/wp\/v2\/comments?post=255"}],"version-history":[{"count":45,"href":"https:\/\/new.palaisbeitalnoor.com\/en\/wp-json\/wp\/v2\/pages\/255\/revisions"}],"predecessor-version":[{"id":2367,"href":"https:\/\/new.palaisbeitalnoor.com\/en\/wp-json\/wp\/v2\/pages\/255\/revisions\/2367"}],"wp:attachment":[{"href":"https:\/\/new.palaisbeitalnoor.com\/en\/wp-json\/wp\/v2\/media?parent=255"}],"curies":[{"name":"wp","href":"https:\/\/api.w.org\/{rel}","templated":true}]}}