{"id":17,"date":"2025-03-26T15:53:43","date_gmt":"2025-03-26T15:53:43","guid":{"rendered":"https:\/\/webredox.net\/demo\/wp\/rixos\/?page_id=17"},"modified":"2026-03-05T14:22:23","modified_gmt":"2026-03-05T14:22:23","slug":"accueil","status":"publish","type":"page","link":"https:\/\/new.palaisbeitalnoor.com\/en\/","title":{"rendered":"Home"},"content":{"rendered":"<div data-elementor-type=\"wp-page\" data-elementor-id=\"17\" class=\"elementor elementor-17\">\n\t\t\t\t<div class=\"elementor-element elementor-element-afc0a60 e-con-full e-flex e-con e-parent\" data-id=\"afc0a60\" data-element_type=\"container\" data-e-type=\"container\">\n\t\t\t\t<\/div>\n\t\t<div class=\"elementor-element elementor-element-1542c8f e-flex e-con-boxed e-con e-parent\" data-id=\"1542c8f\" data-element_type=\"container\" data-e-type=\"container\">\n\t\t\t\t\t<div class=\"e-con-inner\">\n\t\t<div class=\"elementor-element elementor-element-589eb18 e-con-full e-flex e-con e-child\" data-id=\"589eb18\" data-element_type=\"container\" data-e-type=\"container\">\n\t\t\t\t<div class=\"elementor-element elementor-element-4868bda elementor-widget elementor-widget-text-editor\" data-id=\"4868bda\" data-element_type=\"widget\" data-e-type=\"widget\" data-widget_type=\"text-editor.default\">\n\t\t\t\t\t\t\t\t\t<p>Discover Palais Beit Al Noor, an intimate luxury Riad located in the heart of Marrakech\u2019s medina, blending Lebanese heritage with Moroccan traditions. With twelve elegant rooms and suites, three peaceful patios, and a rooftop terrace overlooking the Atlas Mountains, the residence offers a refined and tranquil retreat.<\/p><p>Located in the Zaouia El Abassia district, Palais Beit Al Noor is accessible by car via the Bab Kechich gate \u2014 a rare privilege in the medina<\/p>\t\t\t\t\t\t\t\t<\/div>\n\t\t<div class=\"elementor-element elementor-element-6bae52c e-con-full e-flex e-con e-child\" data-id=\"6bae52c\" data-element_type=\"container\" data-e-type=\"container\">\n\t\t<div class=\"elementor-element elementor-element-a81e80c e-con-full e-flex e-con e-child\" data-id=\"a81e80c\" data-element_type=\"container\" data-e-type=\"container\">\n\t\t\t\t<\/div>\n\t\t\t\t<\/div>\n\t\t\t\t<\/div>\n\t\t<div class=\"elementor-element elementor-element-ec94404 e-con-full e-flex e-con e-child\" data-id=\"ec94404\" data-element_type=\"container\" data-e-type=\"container\">\n\t\t\t\t<\/div>\n\t\t<div class=\"elementor-element elementor-element-3c11a35 e-con-full e-flex e-con e-child\" data-id=\"3c11a35\" data-element_type=\"container\" data-e-type=\"container\">\n\t\t\t\t<\/div>\n\t\t\t\t\t<\/div>\n\t\t\t\t<\/div>\n\t\t<div class=\"elementor-element elementor-element-ffced80 e-flex e-con-boxed e-con e-parent\" data-id=\"ffced80\" data-element_type=\"container\" data-e-type=\"container\" data-settings=\"{&quot;background_background&quot;:&quot;classic&quot;}\">\n\t\t\t\t\t<div class=\"e-con-inner\">\n\t\t<div class=\"elementor-element elementor-element-1d87028 e-con-full e-flex e-con e-child\" data-id=\"1d87028\" data-element_type=\"container\" data-e-type=\"container\">\n\t\t<div class=\"elementor-element elementor-element-827c293 e-con-full e-flex e-con e-child\" data-id=\"827c293\" data-element_type=\"container\" data-e-type=\"container\">\n\t\t\t\t<\/div>\n\t\t<div class=\"elementor-element elementor-element-6d5a2bd e-con-full e-flex e-con e-child\" data-id=\"6d5a2bd\" data-element_type=\"container\" data-e-type=\"container\">\n\t\t\t\t<\/div>\n\t\t<div class=\"elementor-element elementor-element-2beff5a e-con-full e-flex e-con e-child\" data-id=\"2beff5a\" data-element_type=\"container\" data-e-type=\"container\">\n\t\t\t\t<\/div>\n\t\t<div class=\"elementor-element elementor-element-1983132 e-con-full e-flex e-con e-child\" data-id=\"1983132\" data-element_type=\"container\" data-e-type=\"container\">\n\t\t\t\t<\/div>\n\t\t\t\t<\/div>\n\t\t\t\t\t<\/div>\n\t\t\t\t<\/div>\n\t\t<div class=\"elementor-element elementor-element-6600d63 e-flex e-con-boxed e-con e-parent\" data-id=\"6600d63\" data-element_type=\"container\" data-e-type=\"container\" data-settings=\"{&quot;background_background&quot;:&quot;classic&quot;}\">\n\t\t\t\t\t<div class=\"e-con-inner\">\n\t\t<div class=\"elementor-element elementor-element-ccb55d8 e-con-full e-flex e-con e-child\" data-id=\"ccb55d8\" data-element_type=\"container\" data-e-type=\"container\">\n\t\t<div class=\"elementor-element elementor-element-c1db0a0 e-con-full e-flex e-con e-child\" data-id=\"c1db0a0\" data-element_type=\"container\" data-e-type=\"container\">\n\t\t\t\t<\/div>\n\t\t<div class=\"elementor-element elementor-element-0545004 e-con-full e-flex e-con e-child\" data-id=\"0545004\" data-element_type=\"container\" data-e-type=\"container\">\n\t\t\t\t<div class=\"elementor-element elementor-element-bf58e5f elementor-widget elementor-widget-text-editor\" data-id=\"bf58e5f\" data-element_type=\"widget\" data-e-type=\"widget\" data-widget_type=\"text-editor.default\">\n\t\t\t\t\t\t\t\t\t<p>The twelve rooms and suites of the Palais Beit Al Noor, a discreet residence in Marrakech, each bear the name of an iconic Lebanese voice.<\/p>\t\t\t\t\t\t\t\t<\/div>\n\t\t\t\t<\/div>\n\t\t\t\t<\/div>\n\t\t<div class=\"elementor-element elementor-element-181aae7 e-con-full e-flex e-con e-child\" data-id=\"181aae7\" data-element_type=\"container\" data-e-type=\"container\">\n\t\t\t\t<\/div>\n\t\t\t\t\t<\/div>\n\t\t\t\t<\/div>\n\t\t<div class=\"elementor-element elementor-element-74c525b e-flex e-con-boxed e-con e-parent\" data-id=\"74c525b\" data-element_type=\"container\" data-e-type=\"container\" data-settings=\"{&quot;background_background&quot;:&quot;classic&quot;}\">\n\t\t\t\t\t<div class=\"e-con-inner\">\n\t\t\t\t\t<\/div>\n\t\t\t\t<\/div>\n\t\t<div class=\"elementor-element elementor-element-2f1737b e-flex e-con-boxed e-con e-parent\" data-id=\"2f1737b\" data-element_type=\"container\" data-e-type=\"container\" data-settings=\"{&quot;background_background&quot;:&quot;classic&quot;}\">\n\t\t\t\t\t<div class=\"e-con-inner\">\n\t\t\t\t\t<\/div>\n\t\t\t\t<\/div>\n\t\t\t\t<\/div>","protected":false},"excerpt":{"rendered":"<p>La Maison de la Lumi\u00e8re Palais beit al noor R\u00e9server \u00c0 Propos du Palais Beit Al Noor Un palais intimiste au c\u0153ur de la m\u00e9dina de Marrakech D\u00e9couvrez le Palais Beit Al Noor, un Riad de luxe intimiste situ\u00e9 au c\u0153ur de la m\u00e9dina de Marrakech, entre h\u00e9ritage libanais et traditions marocaines. Douze chambres et suites \u00e9l\u00e9gantes, trois patios paisibles,<\/p>","protected":false},"author":1,"featured_media":0,"parent":0,"menu_order":0,"comment_status":"closed","ping_status":"closed","template":"","meta":{"footnotes":""},"class_list":["post-17","page","type-page","status-publish","hentry"],"_links":{"self":[{"href":"https:\/\/new.palaisbeitalnoor.com\/en\/wp-json\/wp\/v2\/pages\/17","targetHints":{"allow":["GET"]}}],"collection":[{"href":"https:\/\/new.palaisbeitalnoor.com\/en\/wp-json\/wp\/v2\/pages"}],"about":[{"href":"https:\/\/new.palaisbeitalnoor.com\/en\/wp-json\/wp\/v2\/types\/page"}],"author":[{"embeddable":true,"href":"https:\/\/new.palaisbeitalnoor.com\/en\/wp-json\/wp\/v2\/users\/1"}],"replies":[{"embeddable":true,"href":"https:\/\/new.palaisbeitalnoor.com\/en\/wp-json\/wp\/v2\/comments?post=17"}],"version-history":[{"count":113,"href":"https:\/\/new.palaisbeitalnoor.com\/en\/wp-json\/wp\/v2\/pages\/17\/revisions"}],"predecessor-version":[{"id":2358,"href":"https:\/\/new.palaisbeitalnoor.com\/en\/wp-json\/wp\/v2\/pages\/17\/revisions\/2358"}],"wp:attachment":[{"href":"https:\/\/new.palaisbeitalnoor.com\/en\/wp-json\/wp\/v2\/media?parent=17"}],"curies":[{"name":"wp","href":"https:\/\/api.w.org\/{rel}","templated":true}]}}