{"id":146,"date":"2025-03-26T17:28:01","date_gmt":"2025-03-26T17:28:01","guid":{"rendered":"https:\/\/webredox.net\/demo\/wp\/rixos\/?page_id=146"},"modified":"2026-03-05T14:23:26","modified_gmt":"2026-03-05T14:23:26","slug":"concierge","status":"publish","type":"page","link":"https:\/\/new.palaisbeitalnoor.com\/en\/conciergerie\/","title":{"rendered":"Concierge"},"content":{"rendered":"<div data-elementor-type=\"wp-page\" data-elementor-id=\"146\" class=\"elementor elementor-146\">\n\t\t\t\t<div class=\"elementor-element elementor-element-3955728 e-con-full e-flex e-con e-parent\" data-id=\"3955728\" data-element_type=\"container\" data-e-type=\"container\">\n\t\t\t\t<\/div>\n\t\t<div class=\"elementor-element elementor-element-d3de529 e-flex e-con-boxed e-con e-parent\" data-id=\"d3de529\" data-element_type=\"container\" data-e-type=\"container\">\n\t\t\t\t\t<div class=\"e-con-inner\">\n\t\t<div class=\"elementor-element elementor-element-8e877ab e-con-full e-flex e-con e-child\" data-id=\"8e877ab\" data-element_type=\"container\" data-e-type=\"container\">\n\t\t\t\t<div class=\"elementor-element elementor-element-7661496 elementor-widget elementor-widget-text-editor\" data-id=\"7661496\" data-element_type=\"widget\" data-e-type=\"widget\" data-widget_type=\"text-editor.default\">\n\t\t\t\t\t\t\t\t\t<p><strong>A tailor-made service for your stay in Marrakech<\/strong><\/p><p>At Palais Beit Al Noor, an intimate establishment in Marrakech, every stay is planned down to the smallest detail.<\/p><p>Our concierge service assists each guest before and during their stay, from arranging private transfers and booking exclusive local experiences to providing carefully curated recommendations: fine dining, cultural visits, artisans, wellness, or off-the-beaten-path discoveries.<\/p><p>Always attentive to your needs, our team works with you to create a tailor-made stay in Marrakech, at your own pace and in your own image, reflecting the discreet and attentive spirit that defines the soul of Palais Beit Al Noor.<\/p>\t\t\t\t\t\t\t\t<\/div>\n\t\t\t\t<\/div>\n\t\t\t\t\t<\/div>\n\t\t\t\t<\/div>\n\t\t<div class=\"elementor-element elementor-element-4091c95 e-flex e-con-boxed e-con e-parent\" data-id=\"4091c95\" data-element_type=\"container\" data-e-type=\"container\" data-settings=\"{&quot;background_background&quot;:&quot;classic&quot;}\">\n\t\t\t\t\t<div class=\"e-con-inner\">\n\t\t<div class=\"elementor-element elementor-element-bf0666e e-con-full e-flex e-con e-child\" data-id=\"bf0666e\" data-element_type=\"container\" data-e-type=\"container\">\n\t\t<div class=\"elementor-element elementor-element-edd4f57 e-con-full e-flex e-con e-child\" data-id=\"edd4f57\" data-element_type=\"container\" data-e-type=\"container\">\n\t\t\t\t<\/div>\n\t\t<div class=\"elementor-element elementor-element-6acd663 e-con-full e-flex e-con e-child\" data-id=\"6acd663\" data-element_type=\"container\" data-e-type=\"container\">\n\t\t\t\t<\/div>\n\t\t<div class=\"elementor-element elementor-element-6da4bc7 e-con-full e-flex e-con e-child\" data-id=\"6da4bc7\" data-element_type=\"container\" data-e-type=\"container\">\n\t\t\t\t<\/div>\n\t\t<div class=\"elementor-element elementor-element-b92e731 e-con-full e-flex e-con e-child\" data-id=\"b92e731\" data-element_type=\"container\" data-e-type=\"container\">\n\t\t\t\t<\/div>\n\t\t\t\t<\/div>\n\t\t\t\t\t<\/div>\n\t\t\t\t<\/div>\n\t\t\t\t<\/div>","protected":false},"excerpt":{"rendered":"<p>Conciergerie Conciergerie du Palais Beit Al Noor Un service sur mesure pour votre s\u00e9jour \u00e0 Marrakech Au Palais Beit Al Noor, \u00e9tablissement intimiste \u00e0 Marrakech, chaque s\u00e9jour est pens\u00e9 dans les moindres d\u00e9tails. Notre service de conciergerie accompagne chaque h\u00f4te avant et pendant son s\u00e9jour, de l\u2019organisation de transferts priv\u00e9s, \u00e0 la r\u00e9servation d\u2019exp\u00e9riences locales exclusives, en passant par des<\/p>","protected":false},"author":1,"featured_media":0,"parent":0,"menu_order":0,"comment_status":"closed","ping_status":"closed","template":"","meta":{"footnotes":""},"class_list":["post-146","page","type-page","status-publish","hentry"],"_links":{"self":[{"href":"https:\/\/new.palaisbeitalnoor.com\/en\/wp-json\/wp\/v2\/pages\/146","targetHints":{"allow":["GET"]}}],"collection":[{"href":"https:\/\/new.palaisbeitalnoor.com\/en\/wp-json\/wp\/v2\/pages"}],"about":[{"href":"https:\/\/new.palaisbeitalnoor.com\/en\/wp-json\/wp\/v2\/types\/page"}],"author":[{"embeddable":true,"href":"https:\/\/new.palaisbeitalnoor.com\/en\/wp-json\/wp\/v2\/users\/1"}],"replies":[{"embeddable":true,"href":"https:\/\/new.palaisbeitalnoor.com\/en\/wp-json\/wp\/v2\/comments?post=146"}],"version-history":[{"count":22,"href":"https:\/\/new.palaisbeitalnoor.com\/en\/wp-json\/wp\/v2\/pages\/146\/revisions"}],"predecessor-version":[{"id":2370,"href":"https:\/\/new.palaisbeitalnoor.com\/en\/wp-json\/wp\/v2\/pages\/146\/revisions\/2370"}],"wp:attachment":[{"href":"https:\/\/new.palaisbeitalnoor.com\/en\/wp-json\/wp\/v2\/media?parent=146"}],"curies":[{"name":"wp","href":"https:\/\/api.w.org\/{rel}","templated":true}]}}